{"id":2508,"date":"2023-05-13T13:43:06","date_gmt":"2023-05-13T11:43:06","guid":{"rendered":"https:\/\/lodgingcarp.com\/legal-notice\/"},"modified":"2023-06-15T17:41:49","modified_gmt":"2023-06-15T15:41:49","slug":"legal-notice","status":"publish","type":"page","link":"https:\/\/lodgingcarp.com\/en\/legal-notice\/","title":{"rendered":"Legal Notice"},"content":{"rendered":"\n<h3 class=\"wp-block-heading\">1. Presentation of the site.<\/h3>\n\n\n\n<p>Under Article 6 of Law No. 2004-575 of June 21, 2004 on confidence in the digital economy, users of the site <a href=\"http:\/\/http:\/\/www.lodgingcarp.com\/\/\">http:\/\/www.lodgingcarp.com\/<\/a> are informed of the identity of the different stakeholders in the context of its implementation and monitoring:<\/p>\n\n\n\n<p><strong>Owner<\/strong>: SASU Bichard \u2013 SASU \u2013 5 chemin des Varennes du Theil<br><strong>Designer<\/strong> : <a href=\"https:\/\/www.whornat.com\/\">Whornat Design<\/a><br><strong>Publication Manager<\/strong>: Yoan Bichard \u2013 contact(a)lodgingcarp.com<br>The publication manager is a natural person or a legal person.<br><strong>Webmaster<\/strong> : Yoan Bichard \u2013 contact(a)lodgingcarp.com<br><strong>H\u00e9bergeur<\/strong> : OVH \u2013 2 rue Kellermann \u2013 59100 Roubaix \u2013 France<\/p>\n\n\n\n<h3 class=\"wp-block-heading\">2. General conditions of use of the site and the services offered.<\/h3>\n\n\n\n<p>Use of the site <a href=\"http:\/\/http:\/\/www.lodgingcarp.com\/\/\">http:\/\/www.lodgingcarp.com\/<\/a> implies full acceptance of the general conditions of use described below. These conditions of use may be modified or supplemented at any time, users of the site <a href=\"http:\/\/http:\/\/www.lodgingcarp.com\/\/\">http:\/\/www.lodgingcarp.com\/<\/a> are therefore invited to consult them on a regular basis.<\/p>\n\n\n\n<p>This site is normally accessible to users at any time. An interruption due to technical maintenance may however be decided by SASU Bichard, who will then endeavor to communicate to users before the dates and times of the intervention.<\/p>\n\n\n\n<p>The site <a href=\"http:\/\/http:\/\/www.lodgingcarp.com\/\/\">http:\/\/www.lodgingcarp.com\/<\/a> is updated regularly by Yoan Bichard. In the same way, the legal notices can be modified at any time: they nevertheless impose themselves on the user who is invited to refer to them as often as possible in order to become acquainted with them.<\/p>\n\n\n\n<h3 class=\"wp-block-heading\">3. Description of services provided.<\/h3>\n\n\n\n<p>The purpose of the site <a href=\"http:\/\/http:\/\/www.lodgingcarp.com\/\/\">http:\/\/www.lodgingcarp.com\/<\/a> is to provide information concerning all of the company&#8217;s activities.<\/p>\n\n\n\n<p>SASU Bichard strives to provide information on the site <a href=\"http:\/\/http:\/\/www.lodgingcarp.com\/\/\">http:\/\/www.lodgingcarp.com\/<\/a> that is as accurate as possible. However, it cannot be held responsible for omissions, inaccuracies and deficiencies in the update, whether by itself or by the third party partners who provide it with this information.<\/p>\n\n\n\n<p>All the information indicated on the site <a href=\"http:\/\/http:\/\/www.lodgingcarp.com\/\/\">http:\/\/www.lodgingcarp.com\/<\/a> are given as an indication, and are likely to evolve. Furthermore, the information on the site <a href=\"http:\/\/http:\/\/www.lodgingcarp.com\/\/\">http:\/\/www.lodgingcarp.com\/<\/a> is not exhaustive. They are given subject to modifications having been made since they were put online.<\/p>\n\n\n\n<h3 class=\"wp-block-heading\">4. Contractual Limitations on Technical Data.<\/h3>\n\n\n\n<p>The site uses JavaScript technology.<\/p>\n\n\n\n<p>The website cannot be held responsible for material damage related to the use of the site. In addition, the user of the site agrees to access the site using recent equipment, not containing viruses and with an updated latest generation browser.<\/p>\n\n\n\n<h3 class=\"wp-block-heading\">5. Intellectual Property and Infringements.<\/h3>\n\n\n\n<p>SASU Bichard is the owner of the intellectual property rights or holds the rights of use on all the elements accessible on the site, in particular the texts, images, graphics, logo, icons, sounds, software.<\/p>\n\n\n\n<p>Any reproduction, representation, modification, publication, adaptation of all or part of the elements of the site, whatever the means or process used, is prohibited, except with the prior written authorization of: SASU Bichard.<\/p>\n\n\n\n<p>Any unauthorized use of the site or any of the elements it contains will be considered as constituting an infringement and prosecuted in accordance with the provisions of articles L.335-2 and following of the Intellectual Property Code.<\/p>\n\n\n\n<h3 class=\"wp-block-heading\">6. Limitation of Liability.<\/h3>\n\n\n\n<p>SASU Bichard cannot be held liable for direct or indirect damage caused to the user&#8217;s equipment, when accessing the site http:\/\/www.lodgingcarp.com\/, and resulting either from the use of equipment not not meeting the specifications indicated in point 4, either the appearance of a bug or an incompatibility.<\/p>\n\n\n\n<p>SASU Bichard cannot also be held liable for consequential damages (such as loss of market or loss of opportunity) resulting from the use of the site <a href=\"http:\/\/http:\/\/www.lodgingcarp.com\/\/\">http:\/\/www.lodgingcarp.com\/<\/a>.<\/p>\n\n\n\n<p>Interactive spaces (possibility to ask questions in the contact space) are available to users. SASU Bichard reserves the right to delete, without prior notice, any content posted in this space that would contravene the legislation applicable in France, in particular the provisions relating to data protection. If necessary, SASU Bichard also reserves the right to question the civil and\/or criminal liability of the user, in particular in the event of a racist, abusive, defamatory or pornographic message, regardless of the medium used ( text, photography, etc.).<\/p>\n\n\n\n<h3 class=\"wp-block-heading\">7. Management of personal data.<\/h3>\n\n\n\n<p>En France, les donn\u00e9es personnelles sont notamment prot\u00e9g\u00e9es par la loi n\u00b0 78-87 du 6 janvier 1978, la loi n\u00b0 2004-801 du 6 ao\u00fbt 2004, l\u2019article L. 226-13 du Code p\u00e9nal et la Directive Europ\u00e9enne du 24 octobre 1995.<\/p>\n\n\n\n<p>When using the <a href=\"http:\/\/http:\/\/www.lodgingcarp.com\/\/\">http:\/\/www.lodgingcarp.com\/<\/a> site, the following may be collected: the URL of the links through which the user accessed the <a href=\"http:\/\/http:\/\/www.lodgingcarp.com\/\/\">http:\/\/www.lodgingcarp<\/a> site. com\/, the user&#8217;s ISP, the user&#8217;s Internet Protocol (IP) address.<\/p>\n\n\n\n<p>In any case SASU Bichard only collects personal information relating to the user for the need of certain services offered by the site <a href=\"http:\/\/http:\/\/www.lodgingcarp.com\/\/\">http:\/\/www.lodgingcarp.com\/.<\/a> The user provides this information with full knowledge of the facts, in particular when he enters it himself. It is then specified to the user of the site <a href=\"http:\/\/http:\/\/www.lodgingcarp.com\/\/\">http:\/\/www.lodgingcarp.com\/<\/a> the obligation or not to provide this information.<\/p>\n\n\n\n<p>In accordance with the provisions of articles 38 and following of law 78-17 of January 6, 1978 relating to data processing, files and freedoms, all users have a right of access, rectification and opposition to personal data. concerning him, by making his written and signed request, accompanied by a copy of the identity document with signature of the holder of the document, specifying the address to which the answer must be sent.<\/p>\n\n\n\n<p>No personal information of the user of the site <a href=\"http:\/\/http:\/\/www.lodgingcarp.com\/\/\">http:\/\/www.lodgingcarp.com\/<\/a> is published without the knowledge of the user, exchanged, transferred, assigned or sold on any medium whatsoever to third parties. Only the assumption of redemption of SASU Bichard and its rights would allow the transmission of such information to the prospective purchaser who would in turn be bound by the same obligation to store and modify data with respect to the user of the site. <a href=\"http:\/\/http:\/\/www.lodgingcarp.com\/\/\">http:\/\/www.lodgingcarp.com\/.<\/a><\/p>\n\n\n\n<p>The site is not declared to the CNIL because it does not collect personal information.<\/p>\n\n\n\n<p>The databases are protected by the provisions of the law of July 1, 1998 transposing directive 96\/9 of March 11, 1996 relating to the legal protection of databases.<\/p>\n\n\n\n<h3 class=\"wp-block-heading\">8. Hypertext links and cookies.<\/h3>\n\n\n\n<p>The site <a href=\"http:\/\/http:\/\/www.lodgingcarp.com\/\/\">http:\/\/www.lodgingcarp.com\/<\/a> contains a certain number of hypertext links to other sites, set up with the authorization of SASU Bichard. However, SASU Bichard does not have the possibility of verifying the content of the sites thus visited, and will therefore not assume any responsibility for this fact.<\/p>\n\n\n\n<p>Browsing the site <a href=\"http:\/\/http:\/\/www.lodgingcarp.com\/\/\">http:\/\/www.lodgingcarp.com\/<\/a> is likely to cause the installation of cookie(s) on the user&#8217;s computer. A cookie is a small file, which does not allow the identification of the user, but which records information relating to the navigation of a computer on a site. The data thus obtained are intended to facilitate subsequent navigation on the site, and are also intended to allow various measures of attendance.<\/p>\n\n\n\n<p>Refusal to install a cookie may make it impossible to access certain services. However, the user can configure his computer as follows to refuse the installation of cookies:<\/p>\n\n\n\n<p>Under Internet Explorer: tool tab (pictogram in the form of a cog at the top right) \/ internet options. Click on Privacy and choose Block all cookies. Validate on Ok.<\/p>\n\n\n\n<p>In Firefox: at the top of the browser window, click on the Firefox button, then go to the Options tab. Click on the Privacy tab.<br>Set the retention rules to: use custom settings for history. Finally uncheck it to disable cookies.<\/p>\n\n\n\n<p>Under Safari: Click at the top right of the browser on the menu icon (symbolized by a cog). Select Settings. Click Show advanced settings. In the &#8220;Privacy&#8221; section, click on Content settings. In the \u201cCookies\u201d section, you can block cookies.<\/p>\n\n\n\n<p>In Chrome: Click at the top right of the browser on the menu icon (symbolized by three horizontal lines). Select Settings. Click Show advanced settings. In the &#8220;Privacy&#8221; section, click on preferences. In the &#8220;Privacy&#8221; tab, you can block cookies.<\/p>\n\n\n\n<h3 class=\"wp-block-heading\">9. Governing Law and Jurisdiction.<\/h3>\n\n\n\n<p>Any dispute in connection with the use of the site <a href=\"http:\/\/http:\/\/www.lodgingcarp.com\/\/\">http:\/\/www.lodgingcarp.com\/<\/a> is subject to French law. Exclusive jurisdiction is given to the competent courts of Paris.<\/p>\n\n\n\n<h3 class=\"wp-block-heading\">10. The main laws concerned.<\/h3>\n\n\n\n<p>Law n\u00b0 78-17 of January 6, 1978, notably modified by law n\u00b0 2004-801 of August 6, 2004 relating to data processing, files and freedoms.<\/p>\n\n\n\n<p>Law n\u00b0 2004-575 of June 21, 2004 for confidence in the digital economy.<\/p>\n\n\n\n<h3 class=\"wp-block-heading\">11. Glossary.<\/h3>\n\n\n\n<p>User: Internet user connecting, using the aforementioned site.<\/p>\n\n\n\n<p>Personal information: \u201cinformation which allows, in any form whatsoever, directly or indirectly, the identification of the natural persons to whom it applies\u201d (article 4 of law n\u00b0 78-17 of January 6, 1978).<\/p>\n","protected":false},"excerpt":{"rendered":"<p>1. Presentation of the site. Under Article 6 of Law No. 2004-575 of June 21, 2004 on confidence in the digital economy, users of the site http:\/\/www.lodgingcarp.com\/ are informed of the identity of the different stakeholders in the context of its implementation and monitoring: Owner: SASU Bichard \u2013 SASU \u2013 5 chemin des Varennes du [&hellip;] <\/p>\n<p class=\"readmore\"><a class=\"btn btn-outline-primary btn-sm read-more-link\" href=\"https:\/\/lodgingcarp.com\/en\/legal-notice\/\">Read More&#8230;<\/a><\/p>\n","protected":false},"author":1,"featured_media":0,"parent":0,"menu_order":0,"comment_status":"closed","ping_status":"closed","template":"","meta":{"_acf_changed":false,"inline_featured_image":false,"footnotes":""},"class_list":["post-2508","page","type-page","status-publish","hentry"],"acf":[],"yoast_head":"<!-- This site is optimized with the Yoast SEO plugin v22.6 - https:\/\/yoast.com\/wordpress\/plugins\/seo\/ -->\n<title>Legal Notice - Lodgingcarp<\/title>\n<meta name=\"robots\" content=\"index, follow, max-snippet:-1, max-image-preview:large, max-video-preview:-1\" \/>\n<link rel=\"canonical\" href=\"https:\/\/lodgingcarp.com\/mentions-legales\/\" \/>\n<meta property=\"og:locale\" content=\"en_US\" \/>\n<meta property=\"og:type\" content=\"article\" \/>\n<meta property=\"og:title\" content=\"Legal Notice - Lodgingcarp\" \/>\n<meta property=\"og:description\" content=\"1. Presentation of the site. Under Article 6 of Law No. 2004-575 of June 21, 2004 on confidence in the digital economy, users of the site http:\/\/www.lodgingcarp.com\/ are informed of the identity of the different stakeholders in the context of its implementation and monitoring: Owner: SASU Bichard \u2013 SASU \u2013 5 chemin des Varennes du [&hellip;] Read More...\" \/>\n<meta property=\"og:url\" content=\"https:\/\/lodgingcarp.com\/mentions-legales\/\" \/>\n<meta property=\"og:site_name\" content=\"Lodgingcarp\" \/>\n<meta property=\"article:publisher\" content=\"https:\/\/www.facebook.com\/Lodgingcarp\/\" \/>\n<meta property=\"article:modified_time\" content=\"2023-06-15T15:41:49+00:00\" \/>\n<meta property=\"og:image\" content=\"https:\/\/lodgingcarp.com\/wp-content\/uploads\/2023\/05\/HOME-landscape-vaise.png\" \/>\n\t<meta property=\"og:image:width\" content=\"1900\" \/>\n\t<meta property=\"og:image:height\" content=\"1378\" \/>\n\t<meta property=\"og:image:type\" content=\"image\/png\" \/>\n<meta name=\"twitter:label1\" content=\"Est. reading time\" \/>\n\t<meta name=\"twitter:data1\" content=\"8 minutes\" \/>\n<script type=\"application\/ld+json\" class=\"yoast-schema-graph\">{\"@context\":\"https:\/\/schema.org\",\"@graph\":[{\"@type\":\"WebPage\",\"@id\":\"https:\/\/lodgingcarp.com\/mentions-legales\/\",\"url\":\"https:\/\/lodgingcarp.com\/mentions-legales\/\",\"name\":\"Legal Notice - Lodgingcarp\",\"isPartOf\":{\"@id\":\"https:\/\/lodgingcarp.com\/#website\"},\"datePublished\":\"2023-05-13T11:43:06+00:00\",\"dateModified\":\"2023-06-15T15:41:49+00:00\",\"breadcrumb\":{\"@id\":\"https:\/\/lodgingcarp.com\/mentions-legales\/#breadcrumb\"},\"inLanguage\":\"en-US\",\"potentialAction\":[{\"@type\":\"ReadAction\",\"target\":[\"https:\/\/lodgingcarp.com\/mentions-legales\/\"]}]},{\"@type\":\"BreadcrumbList\",\"@id\":\"https:\/\/lodgingcarp.com\/mentions-legales\/#breadcrumb\",\"itemListElement\":[{\"@type\":\"ListItem\",\"position\":1,\"name\":\"Accueil\",\"item\":\"https:\/\/lodgingcarp.com\/en\/\"},{\"@type\":\"ListItem\",\"position\":2,\"name\":\"Legal Notice\"}]},{\"@type\":\"WebSite\",\"@id\":\"https:\/\/lodgingcarp.com\/#website\",\"url\":\"https:\/\/lodgingcarp.com\/\",\"name\":\"Lodgingcarp\",\"description\":\"Bienvenue au Paradis des p\u00eacheurs !\",\"publisher\":{\"@id\":\"https:\/\/lodgingcarp.com\/#organization\"},\"potentialAction\":[{\"@type\":\"SearchAction\",\"target\":{\"@type\":\"EntryPoint\",\"urlTemplate\":\"https:\/\/lodgingcarp.com\/?s={search_term_string}\"},\"query-input\":\"required name=search_term_string\"}],\"inLanguage\":\"en-US\"},{\"@type\":\"Organization\",\"@id\":\"https:\/\/lodgingcarp.com\/#organization\",\"name\":\"Lodgingcarp\",\"alternateName\":\"SAS CARP FISHING COMPEXES\",\"url\":\"https:\/\/lodgingcarp.com\/\",\"logo\":{\"@type\":\"ImageObject\",\"inLanguage\":\"en-US\",\"@id\":\"https:\/\/lodgingcarp.com\/#\/schema\/logo\/image\/\",\"url\":\"https:\/\/lodgingcarp.com\/wp-content\/uploads\/2023\/05\/logo_lodgingcarp.svg\",\"contentUrl\":\"https:\/\/lodgingcarp.com\/wp-content\/uploads\/2023\/05\/logo_lodgingcarp.svg\",\"caption\":\"Lodgingcarp\"},\"image\":{\"@id\":\"https:\/\/lodgingcarp.com\/#\/schema\/logo\/image\/\"},\"sameAs\":[\"https:\/\/www.facebook.com\/Lodgingcarp\/\"]}]}<\/script>\n<!-- \/ Yoast SEO plugin. -->","yoast_head_json":{"title":"Legal Notice - Lodgingcarp","robots":{"index":"index","follow":"follow","max-snippet":"max-snippet:-1","max-image-preview":"max-image-preview:large","max-video-preview":"max-video-preview:-1"},"canonical":"https:\/\/lodgingcarp.com\/mentions-legales\/","og_locale":"en_US","og_type":"article","og_title":"Legal Notice - Lodgingcarp","og_description":"1. Presentation of the site. Under Article 6 of Law No. 2004-575 of June 21, 2004 on confidence in the digital economy, users of the site http:\/\/www.lodgingcarp.com\/ are informed of the identity of the different stakeholders in the context of its implementation and monitoring: Owner: SASU Bichard \u2013 SASU \u2013 5 chemin des Varennes du [&hellip;] Read More...","og_url":"https:\/\/lodgingcarp.com\/mentions-legales\/","og_site_name":"Lodgingcarp","article_publisher":"https:\/\/www.facebook.com\/Lodgingcarp\/","article_modified_time":"2023-06-15T15:41:49+00:00","og_image":[{"width":1900,"height":1378,"url":"https:\/\/lodgingcarp.com\/wp-content\/uploads\/2023\/05\/HOME-landscape-vaise.png","type":"image\/png"}],"twitter_misc":{"Est. reading time":"8 minutes"},"schema":{"@context":"https:\/\/schema.org","@graph":[{"@type":"WebPage","@id":"https:\/\/lodgingcarp.com\/mentions-legales\/","url":"https:\/\/lodgingcarp.com\/mentions-legales\/","name":"Legal Notice - Lodgingcarp","isPartOf":{"@id":"https:\/\/lodgingcarp.com\/#website"},"datePublished":"2023-05-13T11:43:06+00:00","dateModified":"2023-06-15T15:41:49+00:00","breadcrumb":{"@id":"https:\/\/lodgingcarp.com\/mentions-legales\/#breadcrumb"},"inLanguage":"en-US","potentialAction":[{"@type":"ReadAction","target":["https:\/\/lodgingcarp.com\/mentions-legales\/"]}]},{"@type":"BreadcrumbList","@id":"https:\/\/lodgingcarp.com\/mentions-legales\/#breadcrumb","itemListElement":[{"@type":"ListItem","position":1,"name":"Accueil","item":"https:\/\/lodgingcarp.com\/en\/"},{"@type":"ListItem","position":2,"name":"Legal Notice"}]},{"@type":"WebSite","@id":"https:\/\/lodgingcarp.com\/#website","url":"https:\/\/lodgingcarp.com\/","name":"Lodgingcarp","description":"Bienvenue au Paradis des p\u00eacheurs !","publisher":{"@id":"https:\/\/lodgingcarp.com\/#organization"},"potentialAction":[{"@type":"SearchAction","target":{"@type":"EntryPoint","urlTemplate":"https:\/\/lodgingcarp.com\/?s={search_term_string}"},"query-input":"required name=search_term_string"}],"inLanguage":"en-US"},{"@type":"Organization","@id":"https:\/\/lodgingcarp.com\/#organization","name":"Lodgingcarp","alternateName":"SAS CARP FISHING COMPEXES","url":"https:\/\/lodgingcarp.com\/","logo":{"@type":"ImageObject","inLanguage":"en-US","@id":"https:\/\/lodgingcarp.com\/#\/schema\/logo\/image\/","url":"https:\/\/lodgingcarp.com\/wp-content\/uploads\/2023\/05\/logo_lodgingcarp.svg","contentUrl":"https:\/\/lodgingcarp.com\/wp-content\/uploads\/2023\/05\/logo_lodgingcarp.svg","caption":"Lodgingcarp"},"image":{"@id":"https:\/\/lodgingcarp.com\/#\/schema\/logo\/image\/"},"sameAs":["https:\/\/www.facebook.com\/Lodgingcarp\/"]}]}},"_links":{"self":[{"href":"https:\/\/lodgingcarp.com\/en\/wp-json\/wp\/v2\/pages\/2508","targetHints":{"allow":["GET"]}}],"collection":[{"href":"https:\/\/lodgingcarp.com\/en\/wp-json\/wp\/v2\/pages"}],"about":[{"href":"https:\/\/lodgingcarp.com\/en\/wp-json\/wp\/v2\/types\/page"}],"author":[{"embeddable":true,"href":"https:\/\/lodgingcarp.com\/en\/wp-json\/wp\/v2\/users\/1"}],"replies":[{"embeddable":true,"href":"https:\/\/lodgingcarp.com\/en\/wp-json\/wp\/v2\/comments?post=2508"}],"version-history":[{"count":0,"href":"https:\/\/lodgingcarp.com\/en\/wp-json\/wp\/v2\/pages\/2508\/revisions"}],"wp:attachment":[{"href":"https:\/\/lodgingcarp.com\/en\/wp-json\/wp\/v2\/media?parent=2508"}],"curies":[{"name":"wp","href":"https:\/\/api.w.org\/{rel}","templated":true}]}}